{"id":39,"date":"2025-06-02T15:25:04","date_gmt":"2025-06-02T13:25:04","guid":{"rendered":"https:\/\/tbm2026paris.org\/?page_id=39"},"modified":"2026-01-13T18:04:48","modified_gmt":"2026-01-13T17:04:48","slug":"organisation","status":"publish","type":"page","link":"https:\/\/tbm2026paris.org\/index.php\/organisation\/","title":{"rendered":"Organisation"},"content":{"rendered":"<div class=\"wpb-content-wrapper\"><p>[vc_row][vc_column][vc_column_text css=&#8221;&#8221;]<\/p>\n<h2 style=\"text-align: center;\">Chairmen<\/h2>\n<p>[\/vc_column_text][vc_row_inner][vc_column_inner width=&#8221;1\/2&#8243;][vc_single_image image=&#8221;124&#8243; alignment=&#8221;center&#8221; css=&#8221;&#8221;][vc_column_text css=&#8221;&#8221;]<\/p>\n<p style=\"text-align: center;\"><strong>Martin DEBBAN\u00c9<\/strong> &#8211; RF-TBM \/ Geneva University &#8211; Geneva &#8211; Switzerland<\/p>\n<p>[\/vc_column_text][\/vc_column_inner][vc_column_inner width=&#8221;1\/2&#8243;][vc_single_image image=&#8221;123&#8243; alignment=&#8221;center&#8221; css=&#8221;&#8221;][vc_column_text css=&#8221;&#8221;]<\/p>\n<p style=\"text-align: center;\"><strong>Mario SPERANZA<\/strong> &#8211; Paris Saclay University &#8211; UVSQ &#8211; Versailles &#8211; France<\/p>\n<p>[\/vc_column_text][\/vc_column_inner][\/vc_row_inner][vc_column_text css=&#8221;&#8221;]<\/p>\n<h2 style=\"text-align: center;\">Scientific Commitee<\/h2>\n<p>[\/vc_column_text][vc_column_text css=&#8221;&#8221;]Margaux BOUTELOUP &#8211; Marie &amp; Louis Pasteur University &#8211; Besan\u00e7on &#8211; France<br \/>\nPaco PRADA &#8211; H\u00f4pitaux Universitaires de Gen\u00e8ve \/ Association du RF-TBM &#8211; Geneva &#8211; Switzerland<br \/>\nNader PERROUD &#8211; H\u00f4pitaux Universitaires de Gen\u00e8ve \/ Association du RF-TBM &#8211; Geneva &#8211; Switzerland<br \/>\nKaryn DOBA &#8211; Lille University &#8211; Lille &#8211; France<br \/>\nJean-Louis NANDRINO &#8211; Lille University &#8211; Lille &#8211; France[\/vc_column_text][vc_column_text css=&#8221;&#8221;]<\/p>\n<h2 style=\"text-align: center;\">Organisation<\/h2>\n<p>[\/vc_column_text][vc_column_text css=&#8221;&#8221;]CARCO &#8211; 104, boulevard de S\u00e9bastopol &#8211; 75003 PARIS<\/p>\n<p>Contact for logistic: <a href=\"mailto:claire.richard@carco.fr\">Claire Richard<\/a><\/p>\n<p>Contact for speakers: <a href=\"mailto:nathalie.isabelle@carco.fr\">Nathalie Isabelle<\/a><\/p>\n<p><strong>Contact for registration: <a href=\"mailto:inscriptions@carco.fr\">inscriptions@carco.fr<\/a><\/strong>[\/vc_column_text][\/vc_column][\/vc_row][vc_row][vc_column width=&#8221;1\/4&#8243;][vc_single_image image=&#8221;221&#8243; css=&#8221;&#8221;][\/vc_column][vc_column width=&#8221;3\/4&#8243;][vc_column_text css=&#8221;&#8221;]<\/p>\n<div class=\"\"><strong>Pour le R\u00e9seau Francophones des Th\u00e9rapies Bas\u00e9es sur la Mentalisation (RF-TBM)<\/strong><\/div>\n<div class=\"\">Mme Deniz Nala Kartoglu<\/div>\n<div class=\"\">Coordinatrice RF-TBM<\/div>\n<div class=\"\">Universit\u00e9 de Gen\u00e8ve<\/div>\n<div class=\"\"><a class=\"\" title=\"mailto:mentalisation@unige.ch\" contenteditable=\"false\" href=\"mailto:mentalisation@unige.ch\">mentalisation@unige.ch<\/a><\/div>\n<p>[\/vc_column_text][\/vc_column][\/vc_row]<\/p>\n<\/div>","protected":false},"excerpt":{"rendered":"<p>[vc_row][vc_column][vc_column_text css=&#8221;&#8221;] Chairmen [\/vc_column_text][vc_row_inner][vc_column_inner width=&#8221;1\/2&#8243;][vc_single_image image=&#8221;124&#8243; alignment=&#8221;center&#8221; css=&#8221;&#8221;][vc_column_text css=&#8221;&#8221;] Martin DEBBAN\u00c9 &#8211; RF-TBM \/ Geneva University &#8211; Geneva &#8211; Switzerland [&hellip;]<\/p>\n","protected":false},"author":1,"featured_media":0,"parent":0,"menu_order":0,"comment_status":"closed","ping_status":"closed","template":"","meta":{"site-sidebar-layout":"no-sidebar","site-content-layout":"plain-container","ast-site-content-layout":"default","site-content-style":"default","site-sidebar-style":"default","ast-global-header-display":"","ast-banner-title-visibility":"","ast-main-header-display":"","ast-hfb-above-header-display":"","ast-hfb-below-header-display":"","ast-hfb-mobile-header-display":"","site-post-title":"","ast-breadcrumbs-content":"","ast-featured-img":"disabled","footer-sml-layout":"","ast-disable-related-posts":"","theme-transparent-header-meta":"default","adv-header-id-meta":"","stick-header-meta":"","header-above-stick-meta":"","header-main-stick-meta":"","header-below-stick-meta":"","astra-migrate-meta-layouts":"set","ast-page-background-enabled":"default","ast-page-background-meta":{"desktop":{"background-color":"var(--ast-global-color-5)","background-image":"","background-repeat":"repeat","background-position":"center center","background-size":"auto","background-attachment":"scroll","background-type":"","background-media":"","overlay-type":"","overlay-color":"","overlay-opacity":"","overlay-gradient":""},"tablet":{"background-color":"","background-image":"","background-repeat":"repeat","background-position":"center center","background-size":"auto","background-attachment":"scroll","background-type":"","background-media":"","overlay-type":"","overlay-color":"","overlay-opacity":"","overlay-gradient":""},"mobile":{"background-color":"","background-image":"","background-repeat":"repeat","background-position":"center center","background-size":"auto","background-attachment":"scroll","background-type":"","background-media":"","overlay-type":"","overlay-color":"","overlay-opacity":"","overlay-gradient":""}},"ast-content-background-meta":{"desktop":{"background-color":"var(--ast-global-color-4)","background-image":"","background-repeat":"repeat","background-position":"center center","background-size":"auto","background-attachment":"scroll","background-type":"","background-media":"","overlay-type":"","overlay-color":"","overlay-opacity":"","overlay-gradient":""},"tablet":{"background-color":"var(--ast-global-color-4)","background-image":"","background-repeat":"repeat","background-position":"center center","background-size":"auto","background-attachment":"scroll","background-type":"","background-media":"","overlay-type":"","overlay-color":"","overlay-opacity":"","overlay-gradient":""},"mobile":{"background-color":"var(--ast-global-color-4)","background-image":"","background-repeat":"repeat","background-position":"center center","background-size":"auto","background-attachment":"scroll","background-type":"","background-media":"","overlay-type":"","overlay-color":"","overlay-opacity":"","overlay-gradient":""}},"footnotes":""},"class_list":["post-39","page","type-page","status-publish","hentry"],"_links":{"self":[{"href":"https:\/\/tbm2026paris.org\/index.php\/wp-json\/wp\/v2\/pages\/39","targetHints":{"allow":["GET"]}}],"collection":[{"href":"https:\/\/tbm2026paris.org\/index.php\/wp-json\/wp\/v2\/pages"}],"about":[{"href":"https:\/\/tbm2026paris.org\/index.php\/wp-json\/wp\/v2\/types\/page"}],"author":[{"embeddable":true,"href":"https:\/\/tbm2026paris.org\/index.php\/wp-json\/wp\/v2\/users\/1"}],"replies":[{"embeddable":true,"href":"https:\/\/tbm2026paris.org\/index.php\/wp-json\/wp\/v2\/comments?post=39"}],"version-history":[{"count":9,"href":"https:\/\/tbm2026paris.org\/index.php\/wp-json\/wp\/v2\/pages\/39\/revisions"}],"predecessor-version":[{"id":222,"href":"https:\/\/tbm2026paris.org\/index.php\/wp-json\/wp\/v2\/pages\/39\/revisions\/222"}],"wp:attachment":[{"href":"https:\/\/tbm2026paris.org\/index.php\/wp-json\/wp\/v2\/media?parent=39"}],"curies":[{"name":"wp","href":"https:\/\/api.w.org\/{rel}","templated":true}]}}